{"id":1622,"date":"2024-03-07T09:18:07","date_gmt":"2024-03-07T08:18:07","guid":{"rendered":"https:\/\/www.hermes2.no\/?page_id=1622"},"modified":"2025-03-27T12:34:38","modified_gmt":"2025-03-27T11:34:38","slug":"sjomatfest-2025-kortreist-festivalcruise","status":"publish","type":"page","link":"https:\/\/www.hermes2.no\/no\/sjomatfest-2025-kortreist-festivalcruise\/","title":{"rendered":"Sj\u00f8matfest 2025 &#8211; Kortreist festivalcruise"},"content":{"rendered":"\t\t<div data-elementor-type=\"wp-page\" data-elementor-id=\"1622\" class=\"elementor elementor-1622\" data-elementor-post-type=\"page\">\n\t\t\t\t\t\t<section data-dce-background-overlay-color=\"#000000\" data-dce-background-image-url=\"https:\/\/www.hermes2.no\/wp-content\/uploads\/2023\/05\/109-1-scaled.jpeg\" class=\"elementor-section elementor-top-section elementor-element elementor-element-e838f10 elementor-section-height-min-height elementor-section-boxed elementor-section-height-default elementor-section-items-middle\" data-id=\"e838f10\" data-element_type=\"section\" data-settings=\"{&quot;background_background&quot;:&quot;classic&quot;}\">\n\t\t\t\t\t\t\t<div class=\"elementor-background-overlay\"><\/div>\n\t\t\t\t\t\t\t<div class=\"elementor-container elementor-column-gap-default\">\n\t\t\t\t\t<div class=\"elementor-column elementor-col-100 elementor-top-column elementor-element elementor-element-1f43cca\" data-id=\"1f43cca\" data-element_type=\"column\">\n\t\t\t<div class=\"elementor-widget-wrap elementor-element-populated\">\n\t\t\t\t\t\t<div class=\"elementor-element elementor-element-66d1f4c elementor-widget elementor-widget-heading\" data-id=\"66d1f4c\" data-element_type=\"widget\" data-widget_type=\"heading.default\">\n\t\t\t\t<div class=\"elementor-widget-container\">\n\t\t\t\t\t<h2 class=\"elementor-heading-title elementor-size-default\">Sj\u00f8matfest 2025 - Kortreist festivalcruise<\/h2>\t\t\t\t<\/div>\n\t\t\t\t<\/div>\n\t\t\t\t<div class=\"elementor-element elementor-element-7eac602 elementor-widget elementor-widget-spacer\" data-id=\"7eac602\" data-element_type=\"widget\" data-widget_type=\"spacer.default\">\n\t\t\t\t<div class=\"elementor-widget-container\">\n\t\t\t\t\t\t\t<div class=\"elementor-spacer\">\n\t\t\t<div class=\"elementor-spacer-inner\"><\/div>\n\t\t<\/div>\n\t\t\t\t\t\t<\/div>\n\t\t\t\t<\/div>\n\t\t\t\t<div class=\"elementor-element elementor-element-5f889fb elementor-align-center elementor-widget elementor-widget-button\" data-id=\"5f889fb\" data-element_type=\"widget\" data-widget_type=\"button.default\">\n\t\t\t\t<div class=\"elementor-widget-container\">\n\t\t\t\t\t\t\t\t\t<div class=\"elementor-button-wrapper\">\n\t\t\t\t\t<a class=\"elementor-button elementor-button-link elementor-size-md\" href=\"#book\">\n\t\t\t\t\t\t<span class=\"elementor-button-content-wrapper\">\n\t\t\t\t\t\t\t\t\t<span class=\"elementor-button-text\">Bestill n\u00e5!<\/span>\n\t\t\t\t\t<\/span>\n\t\t\t\t\t<\/a>\n\t\t\t\t<\/div>\n\t\t\t\t\t\t\t\t<\/div>\n\t\t\t\t<\/div>\n\t\t\t\t\t<\/div>\n\t\t<\/div>\n\t\t\t\t\t<\/div>\n\t\t<\/section>\n\t\t\t\t<section class=\"elementor-section elementor-top-section elementor-element elementor-element-b98ebcf elementor-section-boxed elementor-section-height-default elementor-section-height-default\" data-id=\"b98ebcf\" data-element_type=\"section\">\n\t\t\t\t\t\t<div class=\"elementor-container elementor-column-gap-default\">\n\t\t\t\t\t<div class=\"elementor-column elementor-col-14 elementor-top-column elementor-element elementor-element-1771dab\" data-id=\"1771dab\" data-element_type=\"column\">\n\t\t\t<div class=\"elementor-widget-wrap\">\n\t\t\t\t\t\t\t<\/div>\n\t\t<\/div>\n\t\t\t\t<div class=\"elementor-column elementor-col-14 elementor-top-column elementor-element elementor-element-dfa6476\" data-id=\"dfa6476\" data-element_type=\"column\">\n\t\t\t<div class=\"elementor-widget-wrap elementor-element-populated\">\n\t\t\t\t\t\t<div class=\"elementor-element elementor-element-eb6c694 dce_masking-none elementor-widget elementor-widget-image\" data-id=\"eb6c694\" data-element_type=\"widget\" data-widget_type=\"image.default\">\n\t\t\t\t<div class=\"elementor-widget-container\">\n\t\t\t\t\t\t\t\t\t\t\t\t\t\t\t<img fetchpriority=\"high\" decoding=\"async\" width=\"800\" height=\"801\" src=\"https:\/\/www.hermes2.no\/wp-content\/uploads\/2019\/07\/hermes2-trip-season.png\" class=\"attachment-large size-large wp-image-107\" alt=\"kalender. symbol\" srcset=\"https:\/\/www.hermes2.no\/wp-content\/uploads\/2019\/07\/hermes2-trip-season.png 886w, https:\/\/www.hermes2.no\/wp-content\/uploads\/2019\/07\/hermes2-trip-season-150x150.png 150w, https:\/\/www.hermes2.no\/wp-content\/uploads\/2019\/07\/hermes2-trip-season-300x300.png 300w, https:\/\/www.hermes2.no\/wp-content\/uploads\/2019\/07\/hermes2-trip-season-768x769.png 768w\" sizes=\"(max-width: 800px) 100vw, 800px\" \/>\t\t\t\t\t\t\t\t\t\t\t\t\t\t\t<\/div>\n\t\t\t\t<\/div>\n\t\t\t\t<div class=\"elementor-element elementor-element-1d31972 elementor-widget elementor-widget-heading\" data-id=\"1d31972\" data-element_type=\"widget\" data-widget_type=\"heading.default\">\n\t\t\t\t<div class=\"elementor-widget-container\">\n\t\t\t\t\t<h2 class=\"elementor-heading-title elementor-size-default\">Dato<\/h2>\t\t\t\t<\/div>\n\t\t\t\t<\/div>\n\t\t\t\t<div class=\"elementor-element elementor-element-827149e elementor-widget elementor-widget-text-editor\" data-id=\"827149e\" data-element_type=\"widget\" data-widget_type=\"text-editor.default\">\n\t\t\t\t<div class=\"elementor-widget-container\">\n\t\t\t\t\t\t\t\t\t<p>L\u00f8rdag 7. juni<br \/>Avgang kl.<br \/><strong>11:00<br \/><\/strong><strong>12:00<br \/>13:00<br \/>14:00<\/strong><\/p>\t\t\t\t\t\t\t\t<\/div>\n\t\t\t\t<\/div>\n\t\t\t\t\t<\/div>\n\t\t<\/div>\n\t\t\t\t<div class=\"elementor-column elementor-col-14 elementor-top-column elementor-element elementor-element-358e7e1\" data-id=\"358e7e1\" data-element_type=\"column\">\n\t\t\t<div class=\"elementor-widget-wrap elementor-element-populated\">\n\t\t\t\t\t\t<div class=\"elementor-element elementor-element-5246882 dce_masking-none elementor-widget elementor-widget-image\" data-id=\"5246882\" data-element_type=\"widget\" data-widget_type=\"image.default\">\n\t\t\t\t<div class=\"elementor-widget-container\">\n\t\t\t\t\t\t\t\t\t\t\t\t\t\t\t<img decoding=\"async\" width=\"800\" height=\"800\" src=\"https:\/\/www.hermes2.no\/wp-content\/uploads\/2019\/07\/hermes2-trip-duration2.png\" class=\"attachment-large size-large wp-image-221\" alt=\"varighet. symbol.\" srcset=\"https:\/\/www.hermes2.no\/wp-content\/uploads\/2019\/07\/hermes2-trip-duration2.png 900w, https:\/\/www.hermes2.no\/wp-content\/uploads\/2019\/07\/hermes2-trip-duration2-150x150.png 150w, https:\/\/www.hermes2.no\/wp-content\/uploads\/2019\/07\/hermes2-trip-duration2-300x300.png 300w, https:\/\/www.hermes2.no\/wp-content\/uploads\/2019\/07\/hermes2-trip-duration2-768x768.png 768w\" sizes=\"(max-width: 800px) 100vw, 800px\" \/>\t\t\t\t\t\t\t\t\t\t\t\t\t\t\t<\/div>\n\t\t\t\t<\/div>\n\t\t\t\t<div class=\"elementor-element elementor-element-93dd0ed elementor-widget elementor-widget-heading\" data-id=\"93dd0ed\" data-element_type=\"widget\" data-widget_type=\"heading.default\">\n\t\t\t\t<div class=\"elementor-widget-container\">\n\t\t\t\t\t<h2 class=\"elementor-heading-title elementor-size-default\">Varighet<\/h2>\t\t\t\t<\/div>\n\t\t\t\t<\/div>\n\t\t\t\t<div class=\"elementor-element elementor-element-545f9cc elementor-widget elementor-widget-text-editor\" data-id=\"545f9cc\" data-element_type=\"widget\" data-widget_type=\"text-editor.default\">\n\t\t\t\t<div class=\"elementor-widget-container\">\n\t\t\t\t\t\t\t\t\t<p>45 minutter<\/p>\t\t\t\t\t\t\t\t<\/div>\n\t\t\t\t<\/div>\n\t\t\t\t\t<\/div>\n\t\t<\/div>\n\t\t\t\t<div class=\"elementor-column elementor-col-14 elementor-top-column elementor-element elementor-element-0ab0d38\" data-id=\"0ab0d38\" data-element_type=\"column\">\n\t\t\t<div class=\"elementor-widget-wrap elementor-element-populated\">\n\t\t\t\t\t\t<div class=\"elementor-element elementor-element-a3aaaa4 dce_masking-none elementor-widget elementor-widget-image\" data-id=\"a3aaaa4\" data-element_type=\"widget\" data-widget_type=\"image.default\">\n\t\t\t\t<div class=\"elementor-widget-container\">\n\t\t\t\t\t\t\t\t\t\t\t\t\t\t\t<img decoding=\"async\" width=\"800\" height=\"800\" src=\"https:\/\/www.hermes2.no\/wp-content\/uploads\/2019\/07\/hermes2-number-of-people.png\" class=\"attachment-large size-large wp-image-105\" alt=\"antall personer, symbol.\" srcset=\"https:\/\/www.hermes2.no\/wp-content\/uploads\/2019\/07\/hermes2-number-of-people.png 946w, https:\/\/www.hermes2.no\/wp-content\/uploads\/2019\/07\/hermes2-number-of-people-150x150.png 150w, https:\/\/www.hermes2.no\/wp-content\/uploads\/2019\/07\/hermes2-number-of-people-300x300.png 300w, https:\/\/www.hermes2.no\/wp-content\/uploads\/2019\/07\/hermes2-number-of-people-768x768.png 768w\" sizes=\"(max-width: 800px) 100vw, 800px\" \/>\t\t\t\t\t\t\t\t\t\t\t\t\t\t\t<\/div>\n\t\t\t\t<\/div>\n\t\t\t\t<div class=\"elementor-element elementor-element-b167473 elementor-widget elementor-widget-heading\" data-id=\"b167473\" data-element_type=\"widget\" data-widget_type=\"heading.default\">\n\t\t\t\t<div class=\"elementor-widget-container\">\n\t\t\t\t\t<h2 class=\"elementor-heading-title elementor-size-default\">Antall gjester<\/h2>\t\t\t\t<\/div>\n\t\t\t\t<\/div>\n\t\t\t\t<div class=\"elementor-element elementor-element-eeb3052 elementor-widget elementor-widget-text-editor\" data-id=\"eeb3052\" data-element_type=\"widget\" data-widget_type=\"text-editor.default\">\n\t\t\t\t<div class=\"elementor-widget-container\">\n\t\t\t\t\t\t\t\t\t<p>Opptil 35<\/p>\t\t\t\t\t\t\t\t<\/div>\n\t\t\t\t<\/div>\n\t\t\t\t\t<\/div>\n\t\t<\/div>\n\t\t\t\t<div class=\"elementor-column elementor-col-14 elementor-top-column elementor-element elementor-element-59d67c0\" data-id=\"59d67c0\" data-element_type=\"column\">\n\t\t\t<div class=\"elementor-widget-wrap elementor-element-populated\">\n\t\t\t\t\t\t<div class=\"elementor-element elementor-element-2f76ce7 dce_masking-none elementor-widget elementor-widget-image\" data-id=\"2f76ce7\" data-element_type=\"widget\" data-widget_type=\"image.default\">\n\t\t\t\t<div class=\"elementor-widget-container\">\n\t\t\t\t\t\t\t\t\t\t\t\t\t\t\t<img loading=\"lazy\" decoding=\"async\" width=\"800\" height=\"799\" src=\"https:\/\/www.hermes2.no\/wp-content\/uploads\/2019\/07\/hermes2-meeting-point.png\" class=\"attachment-large size-large wp-image-104\" alt=\"m\u00f8tepunkt, symbol.\" srcset=\"https:\/\/www.hermes2.no\/wp-content\/uploads\/2019\/07\/hermes2-meeting-point.png 887w, https:\/\/www.hermes2.no\/wp-content\/uploads\/2019\/07\/hermes2-meeting-point-150x150.png 150w, https:\/\/www.hermes2.no\/wp-content\/uploads\/2019\/07\/hermes2-meeting-point-300x300.png 300w, https:\/\/www.hermes2.no\/wp-content\/uploads\/2019\/07\/hermes2-meeting-point-768x767.png 768w\" sizes=\"(max-width: 800px) 100vw, 800px\" \/>\t\t\t\t\t\t\t\t\t\t\t\t\t\t\t<\/div>\n\t\t\t\t<\/div>\n\t\t\t\t<div class=\"elementor-element elementor-element-cf0cb33 elementor-widget elementor-widget-heading\" data-id=\"cf0cb33\" data-element_type=\"widget\" data-widget_type=\"heading.default\">\n\t\t\t\t<div class=\"elementor-widget-container\">\n\t\t\t\t\t<h2 class=\"elementor-heading-title elementor-size-default\">Oppm\u00f8te<\/h2>\t\t\t\t<\/div>\n\t\t\t\t<\/div>\n\t\t\t\t<div class=\"elementor-element elementor-element-e1c2b7e elementor-widget elementor-widget-text-editor\" data-id=\"e1c2b7e\" data-element_type=\"widget\" data-widget_type=\"text-editor.default\">\n\t\t\t\t<div class=\"elementor-widget-container\">\n\t\t\t\t\t\t\t\t\t<p><strong>NB! <\/strong>Direkte p\u00e5 b\u00e5ten ved kai 12 (sj\u00f8siden ved Kystens Hus, Stortorget 1)<\/p><p>B\u00e5tnavn: Hermes II<br \/>M\u00f8tetid: 15 min f\u00f8r avgang<\/p>\t\t\t\t\t\t\t\t<\/div>\n\t\t\t\t<\/div>\n\t\t\t\t\t<\/div>\n\t\t<\/div>\n\t\t\t\t<div class=\"elementor-column elementor-col-14 elementor-top-column elementor-element elementor-element-188e0b9\" data-id=\"188e0b9\" data-element_type=\"column\">\n\t\t\t<div class=\"elementor-widget-wrap elementor-element-populated\">\n\t\t\t\t\t\t<div class=\"elementor-element elementor-element-ce04ad4 dce_masking-none elementor-widget elementor-widget-image\" data-id=\"ce04ad4\" data-element_type=\"widget\" data-widget_type=\"image.default\">\n\t\t\t\t<div class=\"elementor-widget-container\">\n\t\t\t\t\t\t\t\t\t\t\t\t\t\t\t<img loading=\"lazy\" decoding=\"async\" width=\"800\" height=\"800\" src=\"https:\/\/www.hermes2.no\/wp-content\/uploads\/2019\/07\/hermes2-recommended-clothing.png\" class=\"attachment-large size-large wp-image-112\" alt=\"bekledning. symbol\" srcset=\"https:\/\/www.hermes2.no\/wp-content\/uploads\/2019\/07\/hermes2-recommended-clothing.png 886w, https:\/\/www.hermes2.no\/wp-content\/uploads\/2019\/07\/hermes2-recommended-clothing-150x150.png 150w, https:\/\/www.hermes2.no\/wp-content\/uploads\/2019\/07\/hermes2-recommended-clothing-300x300.png 300w, https:\/\/www.hermes2.no\/wp-content\/uploads\/2019\/07\/hermes2-recommended-clothing-768x768.png 768w\" sizes=\"(max-width: 800px) 100vw, 800px\" \/>\t\t\t\t\t\t\t\t\t\t\t\t\t\t\t<\/div>\n\t\t\t\t<\/div>\n\t\t\t\t<div class=\"elementor-element elementor-element-fc7c245 elementor-widget elementor-widget-heading\" data-id=\"fc7c245\" data-element_type=\"widget\" data-widget_type=\"heading.default\">\n\t\t\t\t<div class=\"elementor-widget-container\">\n\t\t\t\t\t<h2 class=\"elementor-heading-title elementor-size-default\">Bekledning<\/h2>\t\t\t\t<\/div>\n\t\t\t\t<\/div>\n\t\t\t\t<div class=\"elementor-element elementor-element-fb82efc elementor-widget elementor-widget-text-editor\" data-id=\"fb82efc\" data-element_type=\"widget\" data-widget_type=\"text-editor.default\">\n\t\t\t\t<div class=\"elementor-widget-container\">\n\t\t\t\t\t\t\t\t\t<p>Det kan v\u00e6re kaldt p\u00e5 havet s\u00e5 ha p\u00e5 litt ekstra kl\u00e6r<\/p>\t\t\t\t\t\t\t\t<\/div>\n\t\t\t\t<\/div>\n\t\t\t\t\t<\/div>\n\t\t<\/div>\n\t\t\t\t<div class=\"elementor-column elementor-col-14 elementor-top-column elementor-element elementor-element-0779e51\" data-id=\"0779e51\" data-element_type=\"column\">\n\t\t\t<div class=\"elementor-widget-wrap\">\n\t\t\t\t\t\t\t<\/div>\n\t\t<\/div>\n\t\t\t\t\t<\/div>\n\t\t<\/section>\n\t\t\t\t<section data-dce-background-overlay-image-url=\"https:\/\/www.hermes2.no\/wp-content\/uploads\/2019\/07\/hermes2-baaten.png\" class=\"elementor-section elementor-top-section elementor-element elementor-element-86e4358 elementor-section-content-middle elementor-section-boxed elementor-section-height-default elementor-section-height-default\" data-id=\"86e4358\" data-element_type=\"section\" id=\"book\" data-settings=\"{&quot;background_background&quot;:&quot;classic&quot;}\">\n\t\t\t\t\t\t\t<div class=\"elementor-background-overlay\"><\/div>\n\t\t\t\t\t\t\t<div class=\"elementor-container elementor-column-gap-default\">\n\t\t\t\t\t<div class=\"elementor-column elementor-col-50 elementor-top-column elementor-element elementor-element-b6abb9a\" data-id=\"b6abb9a\" data-element_type=\"column\">\n\t\t\t<div class=\"elementor-widget-wrap elementor-element-populated\">\n\t\t\t\t\t\t<div class=\"elementor-element elementor-element-c2d8411 elementor-widget elementor-widget-text-editor\" data-id=\"c2d8411\" data-element_type=\"widget\" data-widget_type=\"text-editor.default\">\n\t\t\t\t<div class=\"elementor-widget-container\">\n\t\t\t\t\t\t\t\t\t<p>L\u00f8rdag 7. juni arrangerer vi festivalturer for alle som har lyst p\u00e5 et koselig cruise p\u00e5 sundet. Bli med oss og opplev byen fra sj\u00f8siden, kjenn roen om bord i den flotte gamle b\u00e5ten og h\u00f8r historien om Hermes II. Drag\u00f8y byr p\u00e5 herlige smakspr\u00f8ver \u2013 det jo SJ\u00d8MATFEST!<\/p><p>Voksne 250 kr \/\/ Barn 3-15 \u00e5r 125 kr \/\/ Gratis under 3 \u00e5r<\/p><p>\u025a Kjenn roen om bord i den flotte gamle b\u00e5ten<br \/>\u025a H\u00f8r historien om Hermes II<br \/>\u025a Drag\u00f8y byr p\u00e5 smakspr\u00f8ver<br \/>\u025a Drikke for salg \u2013 alle rettigheter<\/p>\t\t\t\t\t\t\t\t<\/div>\n\t\t\t\t<\/div>\n\t\t\t\t\t<\/div>\n\t\t<\/div>\n\t\t\t\t<div class=\"elementor-column elementor-col-50 elementor-top-column elementor-element elementor-element-120b440\" data-id=\"120b440\" data-element_type=\"column\">\n\t\t\t<div class=\"elementor-widget-wrap elementor-element-populated\">\n\t\t\t\t\t\t<div class=\"elementor-element elementor-element-f5861ef elementor-widget elementor-widget-html\" data-id=\"f5861ef\" data-element_type=\"widget\" data-widget_type=\"html.default\">\n\t\t\t\t<div class=\"elementor-widget-container\">\n\t\t\t\t\t<script type=\"text\/javascript\" src=\"\/\/cfhermesii.checkfront.com\/lib\/interface--0.js\"><\/script>\n<!-- CHECKFRONT BOOKING PLUGIN v25-->\n<div id=\"CHECKFRONT_WIDGET_01\"><p id=\"CHECKFRONT_LOADER\" style=\"background: url('\/\/cfhermesii.checkfront.com\/images\/loader.gif') left center no-repeat; padding: 5px 5px 5px 20px\">Searching Availability...<\/p><\/div>\n<script>\nnew DROPLET.Widget ({\nhost: 'cfhermesii.checkfront.com',\ntarget: 'CHECKFRONT_WIDGET_01',\nitem_id: '140',\ncategory_id: '38',\nlang_id: 'nn',\nlocale_id: 'nb_NO',\noptions: 'tabs',\ndate: '20250607',\nprovider: 'droplet'\n}).render();\n<\/script>\n<noscript><a href=\"https:\/\/cfhermesii.checkfront.com\/reserve\/\" style=\"font-size: 16px\" target=\"_blank\" rel=\"noopener\">Continue to Secure Booking System &raquo;<\/a><\/noscript>\t\t\t\t<\/div>\n\t\t\t\t<\/div>\n\t\t\t\t\t<\/div>\n\t\t<\/div>\n\t\t\t\t\t<\/div>\n\t\t<\/section>\n\t\t\t\t<section data-dce-background-image-url=\"https:\/\/www.hermes2.no\/wp-content\/uploads\/2023\/05\/109-2-scaled.jpeg\" class=\"elementor-section elementor-top-section elementor-element elementor-element-6e94830 elementor-section-height-min-height elementor-section-items-bottom elementor-section-boxed elementor-section-height-default\" data-id=\"6e94830\" data-element_type=\"section\" data-settings=\"{&quot;background_background&quot;:&quot;classic&quot;}\">\n\t\t\t\t\t\t<div class=\"elementor-container elementor-column-gap-default\">\n\t\t\t\t\t<div class=\"elementor-column elementor-col-25 elementor-top-column elementor-element elementor-element-475aa63\" data-id=\"475aa63\" data-element_type=\"column\">\n\t\t\t<div class=\"elementor-widget-wrap\">\n\t\t\t\t\t\t\t<\/div>\n\t\t<\/div>\n\t\t\t\t<div data-dce-background-color=\"#FFFFFFCC\" class=\"elementor-column elementor-col-25 elementor-top-column elementor-element elementor-element-4a71906\" data-id=\"4a71906\" data-element_type=\"column\" data-settings=\"{&quot;background_background&quot;:&quot;classic&quot;}\">\n\t\t\t<div class=\"elementor-widget-wrap elementor-element-populated\">\n\t\t\t\t\t\t<div class=\"elementor-element elementor-element-5d09dc7 elementor-widget elementor-widget-text-editor\" data-id=\"5d09dc7\" data-element_type=\"widget\" data-widget_type=\"text-editor.default\">\n\t\t\t\t<div class=\"elementor-widget-container\">\n\t\t\t\t\t\t\t\t\t<p>Varighet: 45 minutter<\/p><p>Antall gjester: 2-35<\/p><p>Avgangstider:<\/p><p><strong>L\u00f8rdag 7. juni kl 11:00 \/\/ 12:00 \/\/ 13:00 \/\/ 14:00<\/strong><\/p><p><strong>NB! Avgang fra KAI 10 nedenfor Clarion Hotel Aurora. <\/strong><br \/><strong>Oppm\u00f8te senest 10 minutter f\u00f8r avgang.<\/strong><\/p><p>Bekledning: Det kan v\u00e6re kaldt p\u00e5 havet s\u00e5 ha p\u00e5 litt ekstra kl\u00e6r.<\/p><p>MERK<br \/>\u2013 Minimum 2 gjester kreves for at turen skal avvikles.<br \/>\u2013 Turen kan bli avlyst eller omberammet ved d\u00e5rlig v\u00e6r.<\/p>\t\t\t\t\t\t\t\t<\/div>\n\t\t\t\t<\/div>\n\t\t\t\t\t<\/div>\n\t\t<\/div>\n\t\t\t\t<div class=\"elementor-column elementor-col-50 elementor-top-column elementor-element elementor-element-ffe0232\" data-id=\"ffe0232\" data-element_type=\"column\">\n\t\t\t<div class=\"elementor-widget-wrap\">\n\t\t\t\t\t\t\t<\/div>\n\t\t<\/div>\n\t\t\t\t\t<\/div>\n\t\t<\/section>\n\t\t\t\t<\/div>\n\t\t","protected":false},"excerpt":{"rendered":"<p>Sj\u00f8matfest 2025 &#8211; Kortreist festivalcruise Bestill n\u00e5! Dato L\u00f8rdag 7. juniAvgang kl.11:0012:0013:0014:00 Varighet 45 minutter Antall gjester Opptil 35 Oppm\u00f8te NB! Direkte p\u00e5 b\u00e5ten ved kai 12 (sj\u00f8siden ved Kystens Hus, Stortorget 1) B\u00e5tnavn: Hermes IIM\u00f8tetid: 15 min f\u00f8r avgang Bekledning Det kan v\u00e6re kaldt p\u00e5 havet s\u00e5 ha p\u00e5 litt ekstra kl\u00e6r L\u00f8rdag 7. [&hellip;]<\/p>\n","protected":false},"author":3,"featured_media":0,"parent":0,"menu_order":0,"comment_status":"closed","ping_status":"closed","template":"","meta":{"_acf_changed":false,"footnotes":""},"class_list":["post-1622","page","type-page","status-publish","hentry"],"acf":[],"_links":{"self":[{"href":"https:\/\/www.hermes2.no\/no\/wp-json\/wp\/v2\/pages\/1622","targetHints":{"allow":["GET"]}}],"collection":[{"href":"https:\/\/www.hermes2.no\/no\/wp-json\/wp\/v2\/pages"}],"about":[{"href":"https:\/\/www.hermes2.no\/no\/wp-json\/wp\/v2\/types\/page"}],"author":[{"embeddable":true,"href":"https:\/\/www.hermes2.no\/no\/wp-json\/wp\/v2\/users\/3"}],"replies":[{"embeddable":true,"href":"https:\/\/www.hermes2.no\/no\/wp-json\/wp\/v2\/comments?post=1622"}],"version-history":[{"count":0,"href":"https:\/\/www.hermes2.no\/no\/wp-json\/wp\/v2\/pages\/1622\/revisions"}],"wp:attachment":[{"href":"https:\/\/www.hermes2.no\/no\/wp-json\/wp\/v2\/media?parent=1622"}],"curies":[{"name":"wp","href":"https:\/\/api.w.org\/{rel}","templated":true}]}}