{"id":3,"date":"2019-03-12T14:07:07","date_gmt":"2019-03-12T13:07:07","guid":{"rendered":"http:\/\/wpengine.com1\/?page_id=3"},"modified":"2019-09-23T10:52:50","modified_gmt":"2019-09-23T08:52:50","slug":"personvernerklaering","status":"publish","type":"page","link":"https:\/\/www.hermes2.no\/no\/personvernerklaering\/","title":{"rendered":"Personvernerkl\u00e6ring"},"content":{"rendered":"\t\t<div data-elementor-type=\"wp-post\" data-elementor-id=\"3\" class=\"elementor elementor-3\" data-elementor-post-type=\"page\">\n\t\t\t\t\t\t<section class=\"elementor-section elementor-top-section elementor-element elementor-element-5d1d123 elementor-section-boxed elementor-section-height-default elementor-section-height-default\" data-id=\"5d1d123\" data-element_type=\"section\">\n\t\t\t\t\t\t<div class=\"elementor-container elementor-column-gap-default\">\n\t\t\t\t\t<div class=\"elementor-column elementor-col-100 elementor-top-column elementor-element elementor-element-d953825\" data-id=\"d953825\" data-element_type=\"column\">\n\t\t\t<div class=\"elementor-widget-wrap elementor-element-populated\">\n\t\t\t\t\t\t<div class=\"elementor-element elementor-element-5dff14d elementor-widget elementor-widget-heading\" data-id=\"5dff14d\" data-element_type=\"widget\" data-widget_type=\"heading.default\">\n\t\t\t\t<div class=\"elementor-widget-container\">\n\t\t\t\t\t<h2 class=\"elementor-heading-title elementor-size-default\">PERSONVERNERKL\u00c6RING HERMES II AS<\/h2>\t\t\t\t<\/div>\n\t\t\t\t<\/div>\n\t\t\t\t\t<\/div>\n\t\t<\/div>\n\t\t\t\t\t<\/div>\n\t\t<\/section>\n\t\t\t\t<section class=\"elementor-section elementor-top-section elementor-element elementor-element-e99c915 elementor-section-boxed elementor-section-height-default elementor-section-height-default\" data-id=\"e99c915\" data-element_type=\"section\">\n\t\t\t\t\t\t<div class=\"elementor-container elementor-column-gap-default\">\n\t\t\t\t\t<div class=\"elementor-column elementor-col-100 elementor-top-column elementor-element elementor-element-fc8330c\" data-id=\"fc8330c\" data-element_type=\"column\">\n\t\t\t<div class=\"elementor-widget-wrap elementor-element-populated\">\n\t\t\t\t\t\t<div class=\"elementor-element elementor-element-3251f40 elementor-widget elementor-widget-text-editor\" data-id=\"3251f40\" data-element_type=\"widget\" data-widget_type=\"text-editor.default\">\n\t\t\t\t<div class=\"elementor-widget-container\">\n\t\t\t\t\t\t\t\t\t<p>I Hermes II AS skal vi behandle dine personopplysninger sikkert og med respekt. Vi er ansvarlige for \u00e5 behandle personopplysninger om v\u00e5re eksisterende, tidligere og potensielle kunder, brukere av nettsiden og andre kanaler hvor vi er i kontakt med v\u00e5re kunder p\u00e5 en lovlig og sikker m\u00e5te.<\/p>\t\t\t\t\t\t\t\t<\/div>\n\t\t\t\t<\/div>\n\t\t\t\t<section class=\"elementor-section elementor-inner-section elementor-element elementor-element-c529273 elementor-section-boxed elementor-section-height-default elementor-section-height-default\" data-id=\"c529273\" data-element_type=\"section\">\n\t\t\t\t\t\t<div class=\"elementor-container elementor-column-gap-default\">\n\t\t\t\t\t<div class=\"elementor-column elementor-col-50 elementor-inner-column elementor-element elementor-element-39c39e9\" data-id=\"39c39e9\" data-element_type=\"column\">\n\t\t\t<div class=\"elementor-widget-wrap elementor-element-populated\">\n\t\t\t\t\t\t<div class=\"elementor-element elementor-element-95a42ee elementor-widget elementor-widget-text-editor\" data-id=\"95a42ee\" data-element_type=\"widget\" data-widget_type=\"text-editor.default\">\n\t\t\t\t<div class=\"elementor-widget-container\">\n\t\t\t\t\t\t\t\t\t<p>Dette omfatter:<\/p>\n<ul>\n<li>Innsamling av personopplysninger<\/li>\n<li>Registrering av personopplysninger<\/li>\n<li>Lagring av personopplysninger<\/li>\n<li>Utlevering av personopplysninger<\/li>\n<li>Sletting av personopplysninger<\/li>\n<\/ul>\t\t\t\t\t\t\t\t<\/div>\n\t\t\t\t<\/div>\n\t\t\t\t\t<\/div>\n\t\t<\/div>\n\t\t\t\t<div class=\"elementor-column elementor-col-50 elementor-inner-column elementor-element elementor-element-4657295\" data-id=\"4657295\" data-element_type=\"column\">\n\t\t\t<div class=\"elementor-widget-wrap elementor-element-populated\">\n\t\t\t\t\t\t<div class=\"elementor-element elementor-element-a53040b elementor-widget elementor-widget-text-editor\" data-id=\"a53040b\" data-element_type=\"widget\" data-widget_type=\"text-editor.default\">\n\t\t\t\t<div class=\"elementor-widget-container\">\n\t\t\t\t\t\t\t\t\t<p>Informasjon vi kan lagre:<\/p>\n<ul>\n<li>Fullt navn<\/li>\n<li>Adresse<\/li>\n<li>Telefonnummer<\/li>\n<li>E-postadresse<\/li>\n<li>Kundehistorikk og v\u00e5r kommunikasjon med deg<\/li>\n<li><span style=\"font-size: 1.2rem;\">Fakturainformasjon<\/span><\/li>\n<\/ul>\t\t\t\t\t\t\t\t<\/div>\n\t\t\t\t<\/div>\n\t\t\t\t\t<\/div>\n\t\t<\/div>\n\t\t\t\t\t<\/div>\n\t\t<\/section>\n\t\t\t\t<div class=\"elementor-element elementor-element-6e8eca4 elementor-widget elementor-widget-text-editor\" data-id=\"6e8eca4\" data-element_type=\"widget\" data-widget_type=\"text-editor.default\">\n\t\t\t\t<div class=\"elementor-widget-container\">\n\t\t\t\t\t\t\t\t\t<p>Opplysninger som eventuelt blir lagret etter avsluttet kundeforhold, blir anonymisert.Alle ansatte hos oss har taushetsplikt omkring kundeforhold og personopplysninger. Har du sp\u00f8rsm\u00e5l om v\u00e5r personvernerkl\u00e6ring eller behandling av personopplysninger, er det bare \u00e5 ta kontakt.<\/p>\t\t\t\t\t\t\t\t<\/div>\n\t\t\t\t<\/div>\n\t\t\t\t\t<\/div>\n\t\t<\/div>\n\t\t\t\t\t<\/div>\n\t\t<\/section>\n\t\t\t\t<section class=\"elementor-section elementor-top-section elementor-element elementor-element-35bc299 elementor-section-boxed elementor-section-height-default elementor-section-height-default\" data-id=\"35bc299\" data-element_type=\"section\">\n\t\t\t\t\t\t<div class=\"elementor-container elementor-column-gap-default\">\n\t\t\t\t\t<div class=\"elementor-column elementor-col-100 elementor-top-column elementor-element elementor-element-8b0e0c7\" data-id=\"8b0e0c7\" data-element_type=\"column\">\n\t\t\t<div class=\"elementor-widget-wrap elementor-element-populated\">\n\t\t\t\t\t\t<div class=\"elementor-element elementor-element-c61f3db elementor-widget elementor-widget-heading\" data-id=\"c61f3db\" data-element_type=\"widget\" data-widget_type=\"heading.default\">\n\t\t\t\t<div class=\"elementor-widget-container\">\n\t\t\t\t\t<h2 class=\"elementor-heading-title elementor-size-default\">Hvorfor lagrer vi personopplysninger?<\/h2>\t\t\t\t<\/div>\n\t\t\t\t<\/div>\n\t\t\t\t<div class=\"elementor-element elementor-element-16c3b4b elementor-widget elementor-widget-text-editor\" data-id=\"16c3b4b\" data-element_type=\"widget\" data-widget_type=\"text-editor.default\">\n\t\t\t\t<div class=\"elementor-widget-container\">\n\t\t\t\t\t\t\t\t\t<p>For \u00e5 gj\u00f8re kontakten mellom deg og oss enklere \u2013 og for \u00e5 kunne gi deg best mulig service. For \u00e5 kunne levere v\u00e5re tjenester og produkter til deg, trenger vi en del informasjon fra deg. Vi lagrer kun informasjon som er n\u00f8dvendig og relevant for v\u00e5r leveranse. Hvilke opplysninger som lagres avhenger av din type foresp\u00f8rsel og ditt kundeforhold til oss. Det kan ogs\u00e5 v\u00e6re aktuelt \u00e5 lagre informasjon for \u00e5 kunne sende deg opplysninger om dine \u00f8nskede produkter og tjenester og eventuelle relevante tilbud.<\/p>\t\t\t\t\t\t\t\t<\/div>\n\t\t\t\t<\/div>\n\t\t\t\t\t<\/div>\n\t\t<\/div>\n\t\t\t\t\t<\/div>\n\t\t<\/section>\n\t\t\t\t<section class=\"elementor-section elementor-top-section elementor-element elementor-element-c9025e0 elementor-section-boxed elementor-section-height-default elementor-section-height-default\" data-id=\"c9025e0\" data-element_type=\"section\">\n\t\t\t\t\t\t<div class=\"elementor-container elementor-column-gap-default\">\n\t\t\t\t\t<div class=\"elementor-column elementor-col-100 elementor-top-column elementor-element elementor-element-f348574\" data-id=\"f348574\" data-element_type=\"column\">\n\t\t\t<div class=\"elementor-widget-wrap elementor-element-populated\">\n\t\t\t\t\t\t<div class=\"elementor-element elementor-element-23e0511 elementor-widget elementor-widget-heading\" data-id=\"23e0511\" data-element_type=\"widget\" data-widget_type=\"heading.default\">\n\t\t\t\t<div class=\"elementor-widget-container\">\n\t\t\t\t\t<h2 class=\"elementor-heading-title elementor-size-default\">Hvordan behandler vi personopplysninger?  <\/h2>\t\t\t\t<\/div>\n\t\t\t\t<\/div>\n\t\t\t\t<div class=\"elementor-element elementor-element-e92b66b elementor-widget elementor-widget-text-editor\" data-id=\"e92b66b\" data-element_type=\"widget\" data-widget_type=\"text-editor.default\">\n\t\t\t\t<div class=\"elementor-widget-container\">\n\t\t\t\t\t\t\t\t\t<p>Vi benytter noen systemer som vil kunne ha betydning for deg n\u00e5r du er i kontakt med oss. Dette er de viktigste og hvordan vi bruker dem:<\/p>\n<ul>\n<li>Zendesk er v\u00e5rt supportsystem. Her sendes det inn foresp\u00f8rsler eller tilbakemeldinger til oss. Saker som sendes inn her lagres s\u00e5 lenge du er kunde hos oss, eller inntil tre \u00e5r, for at vi skal kunne svare deg raskere neste gang.<\/li>\n<li>Nyhetsbrev: Sender vi et nyhetsbrev, skal du i forkant ha sagt \u00abja\u00bb til \u00e5 motta det.<\/li>\n<li>E-post: E-poster til oss lagres etter samme retningslinjer som for Zendesk. Vi oppfordrer v\u00e5re kunder til ikke \u00e5 sende sensitiv informasjon via ukryptert e-post.<\/li>\n<li>Kontaktskjema: Ditt kontaktskjema lagres kun s\u00e5 lenge det er n\u00f8dvendig for den kontakten vi m\u00e5 ha med deg.<\/li>\n<li>Facebook: Facebook er en del av v\u00e5r markedskommunikasjon. Vi lagrer ikke informasjon fra Facebook utover det som vedr\u00f8rer din kundekontakt med oss. Direktemeldinger videresendes til v\u00e5rt supportsystem for effektiv besvarelse.<\/li>\n<li>Regnskap: N\u00f8dvendig informasjon for \u00e5 kunne motta og sende fakturaer lagres.<\/li>\n<li>Filarkiv: Vi benytter en lokal, sikker server for lagring av filer tilknyttet v\u00e5re kunder.<\/li>\n<\/ul>\n<p>\u00a0<\/p>\n<p><strong>Vi er til enhver tid p\u00e5lagt \u00e5 f\u00f8lge gjeldende lovgivning for behandling av personopplysninger.<\/strong><\/p>\t\t\t\t\t\t\t\t<\/div>\n\t\t\t\t<\/div>\n\t\t\t\t\t<\/div>\n\t\t<\/div>\n\t\t\t\t\t<\/div>\n\t\t<\/section>\n\t\t\t\t<section class=\"elementor-section elementor-top-section elementor-element elementor-element-8099989 elementor-section-boxed elementor-section-height-default elementor-section-height-default\" data-id=\"8099989\" data-element_type=\"section\">\n\t\t\t\t\t\t<div class=\"elementor-container elementor-column-gap-default\">\n\t\t\t\t\t<div class=\"elementor-column elementor-col-100 elementor-top-column elementor-element elementor-element-311c350\" data-id=\"311c350\" data-element_type=\"column\">\n\t\t\t<div class=\"elementor-widget-wrap elementor-element-populated\">\n\t\t\t\t\t\t<div class=\"elementor-element elementor-element-0470b39 elementor-widget elementor-widget-heading\" data-id=\"0470b39\" data-element_type=\"widget\" data-widget_type=\"heading.default\">\n\t\t\t\t<div class=\"elementor-widget-container\">\n\t\t\t\t\t<h2 class=\"elementor-heading-title elementor-size-default\">Nettsidestatistikk<\/h2>\t\t\t\t<\/div>\n\t\t\t\t<\/div>\n\t\t\t\t<div class=\"elementor-element elementor-element-4c01bab elementor-widget elementor-widget-text-editor\" data-id=\"4c01bab\" data-element_type=\"widget\" data-widget_type=\"text-editor.default\">\n\t\t\t\t<div class=\"elementor-widget-container\">\n\t\t\t\t\t\t\t\t\t<p>Vi bruker ulike verkt\u00f8y for \u00e5 analysere trafikken p\u00e5 v\u00e5re nettsider og tilby v\u00e5re bes\u00f8kende en bedre brukeropplevelse.<\/p>\n<h4>Informasjonskapsler (cookies)<\/h4>\n<p>Vi benytter informasjonskapsler (cookies) for \u00e5 kunne gi deg bedre tjenester. Ved \u00e5 benytte nettsiden v\u00e5r samtykker du til at vi setter disse i din nettleser. De fleste nyere nettlesere aksepterer cookies automatisk.<\/p>\n<p>Hvis du ikke \u00f8nsker dette s\u00e5 kan du endre innstillingene i din nettleser. Tips for dette finner du p\u00e5 <a href=\"http:\/\/www.nettvett.no\/\" target=\"_blank\" rel=\"noopener\">www.nettvett.no<\/a>. Der finner du ogs\u00e5 mer informasjon om cookies.<\/p>\n<h4>Google Analytics<\/h4>\n<p>Vi bruker Google Analytics for \u00e5 samle inn anonymiserte opplysninger om de bes\u00f8kende p\u00e5 v\u00e5r nettside. Dataene anvendes blant annet til \u00e5 se hvor mange som bes\u00f8ker nettsiden, hvor lenge bes\u00f8ket varer, hvilke undersider de bes\u00f8ker og hvilke nettlesere som benyttes. Informasjonen som sendes til Google Analytics anonymiseres, og kan ikke knyttes til deg som person f\u00f8r du eventuelt sender inn et kontaktskjema til oss.<\/p>\n<h4>Hvor lenge lagrer vi opplysningene?<\/h4>\n<p>Vi lagrer ikke opplysninger om deg lenger enn n\u00f8dvendig. Dette betyr at vi lagrer n\u00f8dvendig informasjon, som du har gitt oss, s\u00e5 lenge du er kunde hos oss. For \u00e5 kunne gi deg god service, lagrer vi ogs\u00e5 informasjon om eventuelt arbeid som er gjort for deg i inntil tre \u00e5r etter at du har sluttet som kunde hos oss.<\/p>\n<h4>Innsyn og sletting av opplysninger<\/h4>\n<p>Du har rett til innsyn i personopplysningene vi har lagret om deg (med mindre deler av disse er unntatt ved lov). Hvis du \u00f8nsker at vi skal utlevere, endre eller slette dine personopplysninger, er det bare \u00e5 ta kontakt med oss (se kontaktinformasjon).<\/p>\n<h4>Ansvarlig databehandler<\/h4>\n<p>Det er til enhver tid daglig leder hos oss som er ansvarlig for behandlingen av personopplysninger. Vedkommende er ansvarlig for \u00e5 f\u00f8lge opp lagring, oppdatering og sletting av alle opplysninger vi har.<\/p>\t\t\t\t\t\t\t\t<\/div>\n\t\t\t\t<\/div>\n\t\t\t\t\t<\/div>\n\t\t<\/div>\n\t\t\t\t\t<\/div>\n\t\t<\/section>\n\t\t\t\t<section class=\"elementor-section elementor-top-section elementor-element elementor-element-71e20b0 elementor-section-boxed elementor-section-height-default elementor-section-height-default\" data-id=\"71e20b0\" data-element_type=\"section\">\n\t\t\t\t\t\t<div class=\"elementor-container elementor-column-gap-default\">\n\t\t\t\t\t<div class=\"elementor-column elementor-col-100 elementor-top-column elementor-element elementor-element-9a71b44\" data-id=\"9a71b44\" data-element_type=\"column\">\n\t\t\t<div class=\"elementor-widget-wrap elementor-element-populated\">\n\t\t\t\t\t\t<div class=\"elementor-element elementor-element-a6f27e6 elementor-widget elementor-widget-text-editor\" data-id=\"a6f27e6\" data-element_type=\"widget\" data-widget_type=\"text-editor.default\">\n\t\t\t\t<div class=\"elementor-widget-container\">\n\t\t\t\t\t\t\t\t\t<p>Vennlig hilsen<\/p>\n<p><strong>Hermes II AS<\/strong><br \/>Kystens Hus, Stortorget<br \/>9008 Troms\u00f8, Norway<br \/>post@hermes2.no<\/p>\t\t\t\t\t\t\t\t<\/div>\n\t\t\t\t<\/div>\n\t\t\t\t\t<\/div>\n\t\t<\/div>\n\t\t\t\t\t<\/div>\n\t\t<\/section>\n\t\t\t\t<\/div>\n\t\t","protected":false},"excerpt":{"rendered":"<p>PERSONVERNERKL\u00c6RING HERMES II AS I Hermes II AS skal vi behandle dine personopplysninger sikkert og med respekt. Vi er ansvarlige for \u00e5 behandle personopplysninger om v\u00e5re eksisterende, tidligere og potensielle kunder, brukere av nettsiden og andre kanaler hvor vi er i kontakt med v\u00e5re kunder p\u00e5 en lovlig og sikker m\u00e5te. Dette omfatter: Innsamling av [&hellip;]<\/p>\n","protected":false},"author":1,"featured_media":0,"parent":0,"menu_order":0,"comment_status":"closed","ping_status":"closed","template":"elementor_header_footer","meta":{"_acf_changed":false,"footnotes":""},"class_list":["post-3","page","type-page","status-publish","hentry"],"acf":[],"_links":{"self":[{"href":"https:\/\/www.hermes2.no\/no\/wp-json\/wp\/v2\/pages\/3","targetHints":{"allow":["GET"]}}],"collection":[{"href":"https:\/\/www.hermes2.no\/no\/wp-json\/wp\/v2\/pages"}],"about":[{"href":"https:\/\/www.hermes2.no\/no\/wp-json\/wp\/v2\/types\/page"}],"author":[{"embeddable":true,"href":"https:\/\/www.hermes2.no\/no\/wp-json\/wp\/v2\/users\/1"}],"replies":[{"embeddable":true,"href":"https:\/\/www.hermes2.no\/no\/wp-json\/wp\/v2\/comments?post=3"}],"version-history":[{"count":0,"href":"https:\/\/www.hermes2.no\/no\/wp-json\/wp\/v2\/pages\/3\/revisions"}],"wp:attachment":[{"href":"https:\/\/www.hermes2.no\/no\/wp-json\/wp\/v2\/media?parent=3"}],"curies":[{"name":"wp","href":"https:\/\/api.w.org\/{rel}","templated":true}]}}